{"id":297,"date":"2012-09-29T07:16:32","date_gmt":"2012-09-29T07:16:32","guid":{"rendered":"http:\/\/justlovecookin.com\/?page_id=297"},"modified":"2013-11-12T16:50:21","modified_gmt":"2013-11-12T16:50:21","slug":"su-di-m","status":"publish","type":"page","link":"http:\/\/www.justlovecookin.com\/it\/su-di-m\/","title":{"rendered":"Su di me"},"content":{"rendered":"<p style=\"text-align: justify;\"><a href=\"http:\/\/justlovecookin.com\/wp-content\/uploads\/2012\/10\/new-look-1278.jpg\"><img loading=\"lazy\" decoding=\"async\" class=\"aligncenter size-large wp-image-550\" title=\"new look 1278\" alt=\"\" src=\"http:\/\/justlovecookin.com\/wp-content\/uploads\/2012\/10\/new-look-1278-640x960.jpg\" height=\"960\" width=\"640\"><\/a><\/p>\n<p style=\"text-align: justify;\">Ciao! Io sono Ana. Sono nata in Romania, ma da quasi 5 anni vivo a Bologna, posto dove mi sono fermata dopo aver vissuto in un sacco di altri paesi. Come si pu\u00f2 notare, le mie pi\u00f9 grandi passioni sono la fotografia ed il food styling.&nbsp; Questa \u00e8 la versione italiana del mio <a href=\"http:\/\/www.justlovecookin.com\/\" target=\"_blank\">blog scritto in rumeno<\/a>, che da poco ha compiuto 3 anni. D&#8217;ora in poi aggiorner\u00f2 questo blog con delle nuove ricette, e continuer\u00f2 a tradurre l&#8217;altro blog. Quindi verificate sempre la pagina Index, perch\u00e8 ci saranno ogni giorno delle ricette in pi\u00f9. : )<\/p>\n<p style=\"text-align: justify;\">Qualche anno fa mi sono resa conto dell&#8217;amore che provo per la fotografia, e per me \u00e8 una delle cose pi\u00f9 importanti in questo momento. Cammino con passi timidi ma decisi in questa arte cos\u00ec complessa, e sogno di fare di questo un mestiere.<\/p>\n<p style=\"text-align: justify;\">Sono molto sensibile a tutto ci\u00f2 che riguarda l&#8217;estetica in generale, e posso dire che mi nutro della felicit\u00e0 di quelli che si siedono al mio tavolo. Sono una perfezionista esasperante e non accetto vie di mezzo, ma questo mi ha aiutato ad essere quella che sono oggi, orgogliosa delle mie azioni e senza nessun rimpianto.<\/p>\n<p style=\"text-align: justify;\">Ho avuto la fortuna di viaggiare molto, ma il mio unico, innegalabile amore e l&#8217;Istanbul, dove ho visuto per un periodo abastanza lungo. Non ho mai visto un posto pi\u00f9 affascinante e che arrivi pi\u00f9 vicino al mio cuore. Amo tutto di questa metropoli ! Le barche, i gabbiani, la salsedine, il profumo delle alghe,&nbsp; la marea di&nbsp; persone che scorre giorno e notte per le strade, sul Bosforo, la chiamata alla preghiera, l&#8217;odore di pane fresco, tutto&#8230; Sogno di invecchiare in una casetta di fronte al mare nella vecchia Costantinopoli, patria indiscussa della mia anima. Se questo non accadr\u00e0, avr\u00f2 sempre i ricordi meravigliosi del tempo prezioso trascorso l\u00ec. Penso che sarebbe opportuno fermarsi qui, prima di annoiarvi con delle storielle nostalgiche. :) Nel frattempo, spero che il mio blog vi piacer\u00e0 !<\/p>\n<p>&nbsp;<\/p>\n","protected":false},"excerpt":{"rendered":"<p>Ciao! Io sono Ana. Sono nata in Romania, ma da quasi 5 anni vivo a Bologna, posto dove mi sono fermata dopo aver vissuto in&#8230; <\/p>\n<p class=\"more\"><a class=\"more-link\" href=\"http:\/\/www.justlovecookin.com\/it\/su-di-m\/\">Read More<\/a><\/p>\n","protected":false},"author":1,"featured_media":0,"parent":0,"menu_order":0,"comment_status":"open","ping_status":"open","template":"template-fullwidth.php","meta":{"footnotes":"","_links_to":"","_links_to_target":""},"class_list":["post-297","page","type-page","status-publish","hentry"],"_links":{"self":[{"href":"http:\/\/www.justlovecookin.com\/it\/wp-json\/wp\/v2\/pages\/297","targetHints":{"allow":["GET"]}}],"collection":[{"href":"http:\/\/www.justlovecookin.com\/it\/wp-json\/wp\/v2\/pages"}],"about":[{"href":"http:\/\/www.justlovecookin.com\/it\/wp-json\/wp\/v2\/types\/page"}],"author":[{"embeddable":true,"href":"http:\/\/www.justlovecookin.com\/it\/wp-json\/wp\/v2\/users\/1"}],"replies":[{"embeddable":true,"href":"http:\/\/www.justlovecookin.com\/it\/wp-json\/wp\/v2\/comments?post=297"}],"version-history":[{"count":6,"href":"http:\/\/www.justlovecookin.com\/it\/wp-json\/wp\/v2\/pages\/297\/revisions"}],"predecessor-version":[{"id":1427,"href":"http:\/\/www.justlovecookin.com\/it\/wp-json\/wp\/v2\/pages\/297\/revisions\/1427"}],"wp:attachment":[{"href":"http:\/\/www.justlovecookin.com\/it\/wp-json\/wp\/v2\/media?parent=297"}],"curies":[{"name":"wp","href":"https:\/\/api.w.org\/{rel}","templated":true}]}}